{"id":7,"date":"2025-08-07T09:09:56","date_gmt":"2025-08-07T09:09:56","guid":{"rendered":"https:\/\/bretagne-immo.de\/?page_id=7"},"modified":"2025-11-20T18:32:39","modified_gmt":"2025-11-20T18:32:39","slug":"startseite","status":"publish","type":"page","link":"https:\/\/bretagne-immo.de\/","title":{"rendered":"Startseite"},"content":{"rendered":"\t\t<div data-elementor-type=\"wp-post\" data-elementor-id=\"7\" class=\"elementor elementor-7\">\n\t\t\t\t<div class=\"elementor-element elementor-element-989fc99 e-flex e-con-boxed e-con e-parent\" data-id=\"989fc99\" data-element_type=\"container\">\n\t\t\t\t\t<div class=\"e-con-inner\">\n\t\t\t\t<div class=\"elementor-element elementor-element-44fbba3 elementor-widget elementor-widget-image\" data-id=\"44fbba3\" data-element_type=\"widget\" data-widget_type=\"image.default\">\n\t\t\t\t\t\t\t\t\t\t\t\t\t\t\t<img fetchpriority=\"high\" decoding=\"async\" width=\"1901\" height=\"676\" src=\"https:\/\/bretagne-immo.de\/wp-content\/uploads\/2025\/08\/Slider-Bretagne.png\" class=\"attachment-full size-full wp-image-9\" alt=\"\" srcset=\"https:\/\/bretagne-immo.de\/wp-content\/uploads\/2025\/08\/Slider-Bretagne.png 1901w, https:\/\/bretagne-immo.de\/wp-content\/uploads\/2025\/08\/Slider-Bretagne-300x107.png 300w, https:\/\/bretagne-immo.de\/wp-content\/uploads\/2025\/08\/Slider-Bretagne-1024x364.png 1024w, https:\/\/bretagne-immo.de\/wp-content\/uploads\/2025\/08\/Slider-Bretagne-768x273.png 768w, https:\/\/bretagne-immo.de\/wp-content\/uploads\/2025\/08\/Slider-Bretagne-1536x546.png 1536w\" sizes=\"(max-width: 1901px) 100vw, 1901px\" \/>\t\t\t\t\t\t\t\t\t\t\t\t\t\t\t<\/div>\n\t\t\t\t\t<\/div>\n\t\t\t\t<\/div>\n\t\t<div class=\"elementor-element elementor-element-5b1814b e-flex e-con-boxed e-con e-parent\" data-id=\"5b1814b\" data-element_type=\"container\">\n\t\t\t\t\t<div class=\"e-con-inner\">\n\t\t\t\t<div class=\"elementor-element elementor-element-4aafcfd elementor-widget elementor-widget-text-editor\" data-id=\"4aafcfd\" data-element_type=\"widget\" data-widget_type=\"text-editor.default\">\n\t\t\t\t\t\t\t\t\t<div id=\"hamburger-header-container\" class=\"hamburger-header-container p_hfcontainer\" style=\"color: #004d73; font-style: italic; text-align: justify; max-width: margin: 0 auto;\">\n\n<span style=\"color: #004d73; font-style: italic; text-align: justify; max-width: 900px; margin: 0 auto;\">Wir bieten <\/span><b style=\"color: #004d73; font-style: italic; text-align: justify;\">Dienstleistungen<\/b><span style=\"color: #004d73; font-style: italic; text-align: justify; max-width: 900px; margin: 0 auto;\"> rund um Ihr Haus in der Bretagne: wir beraten Sie beim Kauf Ihrer Immobilie von der Idee bis zur Schl\u00fcssel\u00fcbergabe sowie bei der Nutzung danach. Gleichfalls begleiten wir Sie beim Verkauf Ihrer Immobilie z.B. im Fall einer Erbschaft.<\/span>\n\n<\/div>\n<br>\n<div id=\"dmFirstContainer\" class=\"dmBody u_dmStyle_template_home dm-home-page\">\n<div id=\"1474678141\" class=\"dmRespRow u_1474678141\">\n<div id=\"1496387544\" class=\"dmRespColsWrapper\">\n<div id=\"1168543814\" class=\"dmRespCol large-12 medium-12 small-12\">\n<div id=\"1320905105\" class=\"u_1320905105 dmNewParagraph\" data-element-type=\"paragraph\" data-version=\"5\">\n<h4 style=\"color: #004d73;\">Unser Angebot<\/h4>\n<ul class=\"defaultList bullet\" style=\"color: #004d73;\">\n \t<li class=\"text-align-left\">Anbieter- und Makler-\u00fcbergreifende unabh\u00e4ngige Immobilienauswahl nach Ihren Kriterien<\/li>\n \t<li class=\"text-align-left\">Organisation und Begleitung bei Besichtigungsterminen<\/li>\n \t<li class=\"text-align-left\">Kl\u00e4rung all Ihrer Fragen beim Kaufprozess<\/li>\n \t<li class=\"text-align-left\">Schl\u00fcsselfertige \u00dcbergabe der Immobilie<\/li>\n \t<li class=\"text-align-left\">Unterst\u00fctzung bei den ersten Schritten vor Ort<\/li>\n \t<li class=\"text-align-left\">Ggfs. Einrichtung \/ Renovierung \/ Sanierung<\/li>\n \t<li class=\"text-align-left\">Konzeption und Organisation des Betriebs der Immobilie (Reinigung, Gartenpflege, Vermietung&#8230;)<\/li>\n \t<li class=\"text-align-left\">Begleitung beim Verkauf: Organisation, Gutachten, Bewertung<\/li>\n \t<li class=\"text-align-left\">Verkauf Ihrer Immobilie<\/li>\n<\/ul>\n<br>\n<p class=\"text-align-left\" style=\"color: #004d73;\"><span class=\"\">Durch unsere\u00a0<\/span>professionelle Unterst\u00fctzung<span class=\"\">\u00a0erleichtern wir die sorgenfreie Realisierung Ihrer Idee vom Traum-Haus in der Bretagne: Wir beraten Sie unternehmerisch in Bezug auf die Kl\u00e4rung Ihrer Bed\u00fcrfnisse, helfen eine Vorgehensstrategie zu finden, beraten bei Auswahl und im Umgang mit den verschiedenen Parteien, die im Zusammenhang mit dem Erwerb und Betrieb eines Hauses auftreten (Makler, Rechtsanw\u00e4lte, Handwerker etc.). Wir unterst\u00fctzen Sie hands-on auch vor Ort bei der Interaktion im interkulturellen Kontext.<\/span><\/p>\n<p class=\"text-align-left\" style=\"color: #004d73;\"><span class=\"\">Wir sind kein Makler, arbeiten nicht provisionsbasiert, vermitteln nicht den Abschluss von Vertr\u00e4gen und weisen nicht die Gelegenheit zum Abschluss solcher Vertr\u00e4ge nach. Wir bieten reine Beratungsdienstleistungen f\u00fcr den K\u00e4ufer an.<\/span><\/p>\n\n<\/div>\n<\/div>\n<\/div>\n<\/div>\n<\/div>\t\t\t\t\t\t\t\t<\/div>\n\t\t\t\t\t<\/div>\n\t\t\t\t<\/div>\n\t\t<div class=\"elementor-element elementor-element-e8655ad e-flex e-con-boxed e-con e-parent\" data-id=\"e8655ad\" data-element_type=\"container\">\n\t\t\t\t\t<div class=\"e-con-inner\">\n\t\t<div class=\"elementor-element elementor-element-9a06dce e-con-full e-flex e-con e-child\" data-id=\"9a06dce\" data-element_type=\"container\">\n\t\t\t\t<div class=\"elementor-element elementor-element-eada598 elementor-widget elementor-widget-image\" data-id=\"eada598\" data-element_type=\"widget\" data-widget_type=\"image.default\">\n\t\t\t\t\t\t\t\t\t\t\t\t\t\t\t<img decoding=\"async\" width=\"460\" height=\"307\" src=\"https:\/\/bretagne-immo.de\/wp-content\/uploads\/2025\/08\/Kitesurf-Bretagne.png\" class=\"attachment-full size-full wp-image-49\" alt=\"\" srcset=\"https:\/\/bretagne-immo.de\/wp-content\/uploads\/2025\/08\/Kitesurf-Bretagne.png 460w, https:\/\/bretagne-immo.de\/wp-content\/uploads\/2025\/08\/Kitesurf-Bretagne-300x200.png 300w\" sizes=\"(max-width: 460px) 100vw, 460px\" \/>\t\t\t\t\t\t\t\t\t\t\t\t\t\t\t<\/div>\n\t\t\t\t<\/div>\n\t\t<div class=\"elementor-element elementor-element-c7906f6 e-con-full e-flex e-con e-child\" data-id=\"c7906f6\" data-element_type=\"container\">\n\t\t\t\t<div class=\"elementor-element elementor-element-99dd42c elementor-widget elementor-widget-image\" data-id=\"99dd42c\" data-element_type=\"widget\" data-widget_type=\"image.default\">\n\t\t\t\t\t\t\t\t\t\t\t\t\t\t\t<img decoding=\"async\" width=\"440\" height=\"295\" src=\"https:\/\/bretagne-immo.de\/wp-content\/uploads\/2025\/08\/Paddelboot-Bretagne.png\" class=\"attachment-full size-full wp-image-51\" alt=\"\" srcset=\"https:\/\/bretagne-immo.de\/wp-content\/uploads\/2025\/08\/Paddelboot-Bretagne.png 440w, https:\/\/bretagne-immo.de\/wp-content\/uploads\/2025\/08\/Paddelboot-Bretagne-300x201.png 300w\" sizes=\"(max-width: 440px) 100vw, 440px\" \/>\t\t\t\t\t\t\t\t\t\t\t\t\t\t\t<\/div>\n\t\t\t\t<\/div>\n\t\t<div class=\"elementor-element elementor-element-cd3e0f2 e-con-full e-flex e-con e-child\" data-id=\"cd3e0f2\" data-element_type=\"container\">\n\t\t\t\t<div class=\"elementor-element elementor-element-7588200 elementor-widget elementor-widget-text-editor\" data-id=\"7588200\" data-element_type=\"widget\" data-widget_type=\"text-editor.default\">\n\t\t\t\t\t\t\t\t\t<p class=\"text-align-left\" style=\"color: #004D73;\">\n  Sie denken an ein eigenes (Ferien-) Haus in der Bretagne, eine Geldanalge in eine nutzbare Immobilie, einen pers\u00f6nlichen individellen R\u00fcckzugsort jenseits des Massentourismus, der alle M\u00f6glichkeiten von Wassersport, naturbelassene Str\u00e4nde, Erholung und hervorragendes Essen bietet?\n<\/p>\n<p class=\"text-align-left\" style=\"color: #004D73;\">\n  Sie sind physisch \u00fcber 1000 km entfernt, haben wenig Zeit, sprechen nicht perfekt franz\u00f6sisch und m\u00f6chten trotzdem gerne dieses Ziel erreichen?\n<\/p>\n\t\t\t\t\t\t\t\t<\/div>\n\t\t\t\t<\/div>\n\t\t<div class=\"elementor-element elementor-element-bd8cad6 e-con-full e-flex e-con e-child\" data-id=\"bd8cad6\" data-element_type=\"container\">\n\t\t\t\t<div class=\"elementor-element elementor-element-1ad71d5 elementor-widget elementor-widget-text-editor\" data-id=\"1ad71d5\" data-element_type=\"widget\" data-widget_type=\"text-editor.default\">\n\t\t\t\t\t\t\t\t\t<p class=\"text-align-left\" style=\"color: #004d73;\">Unser <b> erfahrenes deutsch-franz\u00f6sisches Team <\/b> vor Ort steht Ihnen zur Seite:<\/p>\n<p class=\"text-align-left\" style=\"color: #004d73;\"><b> Susanne Friebel,<\/b> Bretagne-Fan seit 1986, hat dort ein Haus, das sie renoviert. Neben aller Emotion hat sie als Physikerin und Management-Beraterin einen sachlich kritischen Blick auf das Angebot sowie einen Sinn f\u00fcr pragmatische L\u00f6sungen.<\/p>\n<p class=\"text-align-left\" style=\"color: #004d73;\"><b>S\u00e9gol\u00e8ne H\u00e9louis,<\/b> Bretonin, lebte unter anderem in M\u00fcnster und Wien. Sie hat seit 20 Jahren ein Bauernhaus in der Bretagne, ist Immobilienprofi und vor Ort bestens vernetzt. Ihre Ortskenntnis und Expertise in Immobilien und Renovierung gibt sie weiter.<\/p>\t\t\t\t\t\t\t\t<\/div>\n\t\t\t\t<\/div>\n\t\t<div class=\"elementor-element elementor-element-91c29bc e-con-full e-flex e-con e-child\" data-id=\"91c29bc\" data-element_type=\"container\">\n\t\t\t\t<div class=\"elementor-element elementor-element-f312376 elementor-widget elementor-widget-image\" data-id=\"f312376\" data-element_type=\"widget\" data-widget_type=\"image.default\">\n\t\t\t\t\t\t\t\t\t\t\t\t\t\t\t<img loading=\"lazy\" decoding=\"async\" width=\"440\" height=\"293\" src=\"https:\/\/bretagne-immo.de\/wp-content\/uploads\/2025\/08\/Segelboote-Bretagne.png\" class=\"attachment-full size-full wp-image-58\" alt=\"\" srcset=\"https:\/\/bretagne-immo.de\/wp-content\/uploads\/2025\/08\/Segelboote-Bretagne.png 440w, https:\/\/bretagne-immo.de\/wp-content\/uploads\/2025\/08\/Segelboote-Bretagne-300x200.png 300w\" sizes=\"(max-width: 440px) 100vw, 440px\" \/>\t\t\t\t\t\t\t\t\t\t\t\t\t\t\t<\/div>\n\t\t\t\t<\/div>\n\t\t<div class=\"elementor-element elementor-element-e284919 e-con-full e-flex e-con e-child\" data-id=\"e284919\" data-element_type=\"container\">\n\t\t\t\t<div class=\"elementor-element elementor-element-05096a2 elementor-widget elementor-widget-image\" data-id=\"05096a2\" data-element_type=\"widget\" data-widget_type=\"image.default\">\n\t\t\t\t\t\t\t\t\t\t\t\t\t\t\t<img loading=\"lazy\" decoding=\"async\" width=\"440\" height=\"293\" src=\"https:\/\/bretagne-immo.de\/wp-content\/uploads\/2025\/08\/Essen-Bretagne.png\" class=\"attachment-full size-full wp-image-59\" alt=\"\" srcset=\"https:\/\/bretagne-immo.de\/wp-content\/uploads\/2025\/08\/Essen-Bretagne.png 440w, https:\/\/bretagne-immo.de\/wp-content\/uploads\/2025\/08\/Essen-Bretagne-300x200.png 300w\" sizes=\"(max-width: 440px) 100vw, 440px\" \/>\t\t\t\t\t\t\t\t\t\t\t\t\t\t\t<\/div>\n\t\t\t\t<\/div>\n\t\t\t\t\t<\/div>\n\t\t\t\t<\/div>\n\t\t<div class=\"elementor-element elementor-element-5c966fb e-flex e-con-boxed e-con e-parent\" data-id=\"5c966fb\" data-element_type=\"container\">\n\t\t\t\t\t<div class=\"e-con-inner\">\n\t\t\t\t<div class=\"elementor-element elementor-element-fef02f8 elementor-widget elementor-widget-text-editor\" data-id=\"fef02f8\" data-element_type=\"widget\" data-widget_type=\"text-editor.default\">\n\t\t\t\t\t\t\t\t\t<div class=\"kontakt-title\" style=\"background-color: #d8cebd; padding: 20px;\"><h3 style=\"margin: 0; color: #004d73; font-weight: bold;\">KONTAKT<\/h3><\/div>\t\t\t\t\t\t\t\t<\/div>\n\t\t\t\t\t<\/div>\n\t\t\t\t<\/div>\n\t\t<div class=\"elementor-element elementor-element-7399e47 e-flex e-con-boxed e-con e-parent\" data-id=\"7399e47\" data-element_type=\"container\">\n\t\t\t\t\t<div class=\"e-con-inner\">\n\t\t\t\t<div class=\"elementor-element elementor-element-2d7a649 elementor-widget__width-initial elementor-widget elementor-widget-text-editor\" data-id=\"2d7a649\" data-element_type=\"widget\" data-widget_type=\"text-editor.default\">\n\t\t\t\t\t\t\t\t\t<div id=\"1529693275\" class=\"u_1529693275 dmNewParagraph\" data-version=\"5\"><p class=\"text-align-left\" style=\"color: #004d73;\"><b> Rufen Sie uns an!<\/b><\/p><p class=\"text-align-left\" style=\"color: #004d73;\">Lassen Sie uns \u00fcber Ihre Bed\u00fcrfnisse sprechen.<br \/>Gerne machen wir Ihnen ein individuelles Angebot<br \/>f\u00fcr unsere Unterst\u00fctzung. Wir freuen uns auf Sie.<\/p><\/div><div id=\"1010731250\" class=\"u_1010731250 dmNewParagraph\" style=\"color: #004d73;\" data-version=\"5\"><p>Tel. +49 89 9605 8560 (optimal Mo-Fr 17-19 Uhr) <br \/>anfrage@bretagne-immo.de<\/p><\/div><!-- Load Font Awesome 6 -->\n<link rel=\"stylesheet\" href=\"https:\/\/cdnjs.cloudflare.com\/ajax\/libs\/font-awesome\/6.4.2\/css\/all.min.css\">\n\n<div style=\"display: flex; gap: 20px; align-items: center; font-size: 18px;\">\n    <a style=\"color: #444; text-decoration: none;\" href=\"https:\/\/facebook.com\" target=\"_blank\" rel=\"noopener\">\n        <i class=\"fab fa-facebook-f\"><\/i>\n    <\/a>\n    <a style=\"color: #444; text-decoration: none;\" href=\"https:\/\/twitter.com\" target=\"_blank\" rel=\"noopener\">\n        <i class=\"fa-brands fa-x-twitter\"><\/i>\n    <\/a>\n    <a style=\"color: #444; text-decoration: none;\" href=\"https:\/\/youtube.com\" target=\"_blank\" rel=\"noopener\">\n        <i class=\"fab fa-youtube\"><\/i>\n    <\/a>\n<\/div>\n\t\t\t\t\t\t\t\t<\/div>\n\t\t<div class=\"elementor-element elementor-element-10d1ce8 e-con-full e-flex e-con e-child\" data-id=\"10d1ce8\" data-element_type=\"container\">\n\t\t\t\t<div class=\"elementor-element elementor-element-7ae0c47 elementor-widget elementor-widget-wpforms\" data-id=\"7ae0c47\" data-element_type=\"widget\" data-widget_type=\"wpforms.default\">\n\t\t\t\t<div class=\"elementor-widget-container\">\n\t\t\t\t\t<div class=\"wpforms-container wpforms-container-full wpforms-render-modern\" id=\"wpforms-66\"><form id=\"wpforms-form-66\" class=\"wpforms-validate wpforms-form wpforms-ajax-form\" data-formid=\"66\" method=\"post\" enctype=\"multipart\/form-data\" action=\"\/index.php?rest_route=%2Fwp%2Fv2%2Fpages%2F7\" data-token=\"91143dd3af4565ce9cccab3192ab639c\" data-token-time=\"1776052819\"><noscript class=\"wpforms-error-noscript\">Bitte aktiviere JavaScript in deinem Browser, um dieses Formular fertigzustellen.<\/noscript><div id=\"wpforms-error-noscript\" style=\"display: none;\">Bitte aktiviere JavaScript in deinem Browser, um dieses Formular fertigzustellen.<\/div><div class=\"wpforms-field-container\"><div id=\"wpforms-66-field_1-container\" class=\"wpforms-field wpforms-field-name\" data-field-id=\"1\"><label class=\"wpforms-field-label wpforms-label-hide\" for=\"wpforms-66-field_1\" aria-hidden=\"false\">Name <span class=\"wpforms-required-label\" aria-hidden=\"true\">*<\/span><\/label><input type=\"text\" id=\"wpforms-66-field_1\" class=\"wpforms-field-medium wpforms-field-required\" name=\"wpforms[fields][1]\" placeholder=\"Name\" aria-errormessage=\"wpforms-66-field_1-error\" required><\/div><div id=\"wpforms-66-field_2-container\" class=\"wpforms-field wpforms-field-email kontakt-email\" data-field-id=\"2\"><label class=\"wpforms-field-label wpforms-label-hide\" for=\"wpforms-66-field_2\" aria-hidden=\"false\">E-Mail-Adresse <span class=\"wpforms-required-label\" aria-hidden=\"true\">*<\/span><\/label><input type=\"email\" id=\"wpforms-66-field_2\" class=\"wpforms-field-medium wpforms-field-required\" name=\"wpforms[fields][2]\" placeholder=\"E-Mail-Adresse\" spellcheck=\"false\" aria-errormessage=\"wpforms-66-field_2-error\" required><\/div>\t\t<div id=\"wpforms-66-field_4-container\"\n\t\t\tclass=\"wpforms-field wpforms-field-text\"\n\t\t\tdata-field-type=\"text\"\n\t\t\tdata-field-id=\"4\"\n\t\t\t>\n\t\t\t<label class=\"wpforms-field-label\" for=\"wpforms-66-field_4\" >Telefon Name Nachricht<\/label>\n\t\t\t<input type=\"text\" id=\"wpforms-66-field_4\" class=\"wpforms-field-medium\" name=\"wpforms[fields][4]\" >\n\t\t<\/div>\n\t\t<div id=\"wpforms-66-field_7-container\" class=\"wpforms-field wpforms-field-number\" data-field-id=\"7\"><label class=\"wpforms-field-label wpforms-label-hide\" for=\"wpforms-66-field_7\" aria-hidden=\"false\">Telefon<\/label><input type=\"number\" id=\"wpforms-66-field_7\" class=\"wpforms-field-medium\" name=\"wpforms[fields][7]\" placeholder=\"Telefon\" step=\"any\" aria-errormessage=\"wpforms-66-field_7-error\" ><\/div><div id=\"wpforms-66-field_3-container\" class=\"wpforms-field wpforms-field-textarea kontakt-message\" data-field-id=\"3\"><label class=\"wpforms-field-label wpforms-label-hide\" for=\"wpforms-66-field_3\" aria-hidden=\"false\">Kommentar oder Nachricht<\/label><textarea id=\"wpforms-66-field_3\" class=\"wpforms-field-medium\" name=\"wpforms[fields][3]\" placeholder=\"Kommentar oder Nachricht\" aria-errormessage=\"wpforms-66-field_3-error\" ><\/textarea><\/div><script>\n\t\t\t\t( function() {\n\t\t\t\t\tconst style = document.createElement( 'style' );\n\t\t\t\t\tstyle.appendChild( document.createTextNode( '#wpforms-66-field_4-container { position: absolute !important; overflow: hidden !important; display: inline !important; height: 1px !important; width: 1px !important; z-index: -1000 !important; padding: 0 !important; } #wpforms-66-field_4-container input { visibility: hidden; } #wpforms-conversational-form-page #wpforms-66-field_4-container label { counter-increment: none; }' ) );\n\t\t\t\t\tdocument.head.appendChild( style );\n\t\t\t\t\tdocument.currentScript?.remove();\n\t\t\t\t} )();\n\t\t\t<\/script><\/div><!-- .wpforms-field-container --><div class=\"wpforms-recaptcha-container wpforms-is-turnstile\" ><div class=\"g-recaptcha\" data-sitekey=\"0x4AAAAAABpRbHbecBHq7GJP\" data-action=\"FormID-66\"><\/div><input type=\"text\" name=\"g-recaptcha-hidden\" class=\"wpforms-recaptcha-hidden\" style=\"position:absolute!important;clip:rect(0,0,0,0)!important;height:1px!important;width:1px!important;border:0!important;overflow:hidden!important;padding:0!important;margin:0!important;\" data-rule-turnstile=\"1\"><\/div><div class=\"wpforms-submit-container\" ><input type=\"hidden\" name=\"wpforms[id]\" value=\"66\"><input type=\"hidden\" name=\"page_title\" value=\"\"><input type=\"hidden\" name=\"page_url\" value=\"https:\/\/bretagne-immo.de\/index.php?rest_route=\/wp\/v2\/pages\/7\"><input type=\"hidden\" name=\"url_referer\" value=\"\"><button type=\"submit\" name=\"wpforms[submit]\" id=\"wpforms-submit-66\" class=\"wpforms-submit\" data-alt-text=\"Wird gesendet\u00a0\u2026\" data-submit-text=\"Absenden\" aria-live=\"assertive\" value=\"wpforms-submit\">Absenden<\/button><img loading=\"lazy\" decoding=\"async\" src=\"https:\/\/bretagne-immo.de\/wp-content\/plugins\/wpforms-lite\/assets\/images\/submit-spin.svg\" class=\"wpforms-submit-spinner\" style=\"display: none;\" width=\"26\" height=\"26\" alt=\"Wird geladen\"><\/div><\/form><\/div>  <!-- .wpforms-container -->\t\t\t\t<\/div>\n\t\t\t\t<\/div>\n\t\t\t\t<\/div>\n\t\t\t\t\t<\/div>\n\t\t\t\t<\/div>\n\t\t<div class=\"elementor-element elementor-element-652b85e e-flex e-con-boxed e-con e-parent\" data-id=\"652b85e\" data-element_type=\"container\">\n\t\t\t\t\t<div class=\"e-con-inner\">\n\t\t<div class=\"elementor-element elementor-element-7824177 e-con-full e-flex e-con e-child\" data-id=\"7824177\" data-element_type=\"container\">\n\t\t\t\t<div class=\"elementor-element elementor-element-01fa4aa elementor-widget elementor-widget-image\" data-id=\"01fa4aa\" data-element_type=\"widget\" data-widget_type=\"image.default\">\n\t\t\t\t\t\t\t\t\t\t\t\t\t\t\t<img loading=\"lazy\" decoding=\"async\" width=\"170\" height=\"102\" src=\"https:\/\/bretagne-immo.de\/wp-content\/uploads\/2025\/08\/Logo-Bretagne.png\" class=\"attachment-large size-large wp-image-17\" alt=\"\" \/>\t\t\t\t\t\t\t\t\t\t\t\t\t\t\t<\/div>\n\t\t\t\t<\/div>\n\t\t<div class=\"elementor-element elementor-element-11a2cc1 e-con-full e-flex e-con e-child\" data-id=\"11a2cc1\" data-element_type=\"container\">\n\t\t\t\t<div class=\"elementor-element elementor-element-45e58a0 elementor-widget elementor-widget-text-editor\" data-id=\"45e58a0\" data-element_type=\"widget\" data-widget_type=\"text-editor.default\">\n\t\t\t\t\t\t\t\t\t<p style=\"text-align: center;\"><strong class=\"text-align-center\" style=\"color: #004d73;\">Besuche<\/strong><\/p>\t\t\t\t\t\t\t\t<\/div>\n\t\t\t\t<div class=\"elementor-element elementor-element-6439671 elementor-widget elementor-widget-text-editor\" data-id=\"6439671\" data-element_type=\"widget\" data-widget_type=\"text-editor.default\">\n\t\t\t\t\t\t\t\t\t<p style=\"padding-left: 120px; text-align: left;\">\u00a0 \u00a0 \u00a0 \u00a0 \u00a029910 Tr\u00e9gunc<br \/>\u00a0 \u00a0 \u00a0 \u00a0 \u00a0France<\/p>\t\t\t\t\t\t\t\t<\/div>\n\t\t\t\t<\/div>\n\t\t<div class=\"elementor-element elementor-element-8874c7c e-con-full e-flex e-con e-child\" data-id=\"8874c7c\" data-element_type=\"container\">\n\t\t\t\t<div class=\"elementor-element elementor-element-2518ab7 elementor-widget__width-initial elementor-widget elementor-widget-text-editor\" data-id=\"2518ab7\" data-element_type=\"widget\" data-widget_type=\"text-editor.default\">\n\t\t\t\t\t\t\t\t\t<p><span data-teams=\"true\"><strong style=\"color: #004d73;\">KONTAKT<\/strong><\/span><\/p>\t\t\t\t\t\t\t\t<\/div>\n\t\t\t\t<div class=\"elementor-element elementor-element-a449ca6 elementor-widget__width-initial elementor-widget elementor-widget-text-editor\" data-id=\"a449ca6\" data-element_type=\"widget\" data-widget_type=\"text-editor.default\">\n\t\t\t\t\t\t\t\t\t<p><span style=\"color: #004d73;\" data-teams=\"true\">anfrage@bretagne-immo.de<\/span><\/p>\t\t\t\t\t\t\t\t<\/div>\n\t\t\t\t<\/div>\n\t\t\t\t<div class=\"elementor-element elementor-element-1be3b86 elementor-widget__width-initial elementor-widget elementor-widget-text-editor\" data-id=\"1be3b86\" data-element_type=\"widget\" data-widget_type=\"text-editor.default\">\n\t\t\t\t\t\t\t\t\t<div style=\"display: flex; flex-direction: column; align-items: flex-start; gap: 10px;\">\n    <strong style=\"color: #003366; font-size: 18px;\">verbinden<\/strong>\n    <div style=\"display: flex; gap: 15px; font-size: 20px;\">\n        <a href=\"https:\/\/facebook.com\" target=\"_blank\" style=\"color: #cccccc; text-decoration: none;\">\n            <i class=\"fab fa-facebook-f\"><\/i>\n        <\/a>\n        <a href=\"https:\/\/linkedin.com\" target=\"_blank\" style=\"color: #cccccc; text-decoration: none;\">\n            <i class=\"fab fa-linkedin-in\"><\/i>\n        <\/a>\n        <a href=\"mailto:anfrage@bretagne-immo.de\" style=\"color: #cccccc; text-decoration: none;\">\n            <i class=\"fas fa-envelope\"><\/i>\n        <\/a>\n        <a href=\"https:\/\/instagram.com\" target=\"_blank\" style=\"color: #cccccc; text-decoration: none;\">\n            <i class=\"fab fa-instagram\"><\/i>\n        <\/a>\n    <\/div>\n<\/div>\n\t\t\t\t\t\t\t\t<\/div>\n\t\t\t\t\t<\/div>\n\t\t\t\t<\/div>\n\t\t<div class=\"elementor-element elementor-element-e832227 e-flex e-con-boxed e-con e-parent\" data-id=\"e832227\" data-element_type=\"container\">\n\t\t\t\t\t<div class=\"e-con-inner\">\n\t\t\t\t<div class=\"elementor-element elementor-element-32a2160 elementor-widget elementor-widget-text-editor\" data-id=\"32a2160\" data-element_type=\"widget\" data-widget_type=\"text-editor.default\">\n\t\t\t\t\t\t\t\t\t<p style=\"text-align: left; padding-left: 40px; color: #004d73;\">\n    Wir realisieren Ihren Immobilien-<br>Traum in der Bretagne.\n<\/p>\n\t\t\t\t\t\t\t\t<\/div>\n\t\t\t\t\t<\/div>\n\t\t\t\t<\/div>\n\t\t<div class=\"elementor-element elementor-element-aa93967 e-flex e-con-boxed e-con e-parent\" data-id=\"aa93967\" data-element_type=\"container\">\n\t\t\t\t\t<div class=\"e-con-inner\">\n\t\t<div class=\"elementor-element elementor-element-f583379 e-con-full e-flex e-con e-child\" data-id=\"f583379\" data-element_type=\"container\">\n\t\t\t\t<div class=\"elementor-element elementor-element-f27888f elementor-widget elementor-widget-text-editor\" data-id=\"f27888f\" data-element_type=\"widget\" data-widget_type=\"text-editor.default\">\n\t\t\t\t\t\t\t\t\t<footer class=\"custom-footer\">\n<div class=\"footer-content\">\n<p style=\"text-align: left;\"><strong>Impressum:<\/strong> SFion GmbH, Nymphenburger Str. 124A, 80636 M\u00fcnchen, anfrage@bretagne-immo.de, Tel. 089 9605 8560\nSitz der Gesellschaft: M\u00fcnchen AG M\u00fcnchen HRB 183 109 Gesch\u00e4ftsf\u00fchrer: Dr. Susanne Friebel, USt.-ID DE268985714<\/p>\n\n<\/div>\n<p style=\"text-align: left;\">            \u00a9 2025 Alle Rechte vorbehalten | SFion GmbH<\/p>\n\n<\/footer>\t\t\t\t\t\t\t\t<\/div>\n\t\t\t\t<\/div>\n\t\t\t\t\t<\/div>\n\t\t\t\t<\/div>\n\t\t\t\t<\/div>\n\t\t","protected":false},"excerpt":{"rendered":"<p>Wir bieten Dienstleistungen rund um Ihr Haus in der Bretagne: wir beraten Sie beim Kauf Ihrer Immobilie von der Idee bis zur Schl\u00fcssel\u00fcbergabe sowie bei der Nutzung danach. Gleichfalls begleiten wir Sie beim Verkauf Ihrer Immobilie z.B. im Fall einer Erbschaft. Unser Angebot Anbieter- und Makler-\u00fcbergreifende unabh\u00e4ngige Immobilienauswahl nach Ihren Kriterien Organisation und Begleitung bei [&hellip;]<\/p>\n","protected":false},"author":1,"featured_media":0,"parent":0,"menu_order":0,"comment_status":"closed","ping_status":"closed","template":"","meta":{"footnotes":""},"class_list":["post-7","page","type-page","status-publish","hentry"],"_links":{"self":[{"href":"https:\/\/bretagne-immo.de\/index.php?rest_route=\/wp\/v2\/pages\/7","targetHints":{"allow":["GET"]}}],"collection":[{"href":"https:\/\/bretagne-immo.de\/index.php?rest_route=\/wp\/v2\/pages"}],"about":[{"href":"https:\/\/bretagne-immo.de\/index.php?rest_route=\/wp\/v2\/types\/page"}],"author":[{"embeddable":true,"href":"https:\/\/bretagne-immo.de\/index.php?rest_route=\/wp\/v2\/users\/1"}],"replies":[{"embeddable":true,"href":"https:\/\/bretagne-immo.de\/index.php?rest_route=%2Fwp%2Fv2%2Fcomments&post=7"}],"version-history":[{"count":0,"href":"https:\/\/bretagne-immo.de\/index.php?rest_route=\/wp\/v2\/pages\/7\/revisions"}],"wp:attachment":[{"href":"https:\/\/bretagne-immo.de\/index.php?rest_route=%2Fwp%2Fv2%2Fmedia&parent=7"}],"curies":[{"name":"wp","href":"https:\/\/api.w.org\/{rel}","templated":true}]}}